{"id":7045,"date":"2016-07-11T13:24:39","date_gmt":"2016-07-11T07:24:39","guid":{"rendered":"http:\/\/www.schuppen68.de\/?page_id=7045"},"modified":"2026-03-28T23:13:59","modified_gmt":"2026-03-28T17:13:59","slug":"11-07-2016-versoehnliches-ende","status":"publish","type":"page","link":"http:\/\/www.schuppen68.de\/?page_id=7045","title":{"rendered":"A &#8211; \u00dcber diesen Blog:"},"content":{"rendered":"\n<p><\/p>\n\n\n<p>Diesen Blog <a href=\"http:\/\/www.schuppen68.de\">www.schuppen68.de<\/a> gibt es seit 2009. Mittlerweile hat er pro Monat ca. 140.000 <a href=\"_wp_link_placeholder\" data-wplink-edit=\"true\">Visits<\/a> (=Besucher*innen) und \u00fcber\u00a0 300.000 werberelevante Pageimpressions (=Seitenaufrufe).\u00a0 Ich versuche regelm\u00e4\u00dfig, aktuelle politische Entwicklungen anhand von Alltags-Ph\u00e4nomenen aufs Korn zu nehmen: subjektiv, \u00fcberparteilich aber parteiisch, satirisch, kapitalismuskritisch, antifaschistisch. Also radikal. Was sonst.<br \/>Da das Leben nicht im Internet sondern analog stattfindet, sind hier im <a href=\"http:\/\/www.schuppen68.de\/?p=239\">Medienspiegel\u00a0<\/a> zahlreiche Aktionen der letzten Jahrzehnte des K\u00fcnstlernetzwerkes SCHUPPEN 68 dokumentiert, dessen Mitgr\u00fcnder ich bin.<br \/>Leider schaffe ich es nicht, diesen Blog zu moderieren und die mittlerweile hunderttausende Spams in den M\u00fcll zu bef\u00f6rdern. Wenn ich also auf ernstgemeinte Kritik oder Anfragen, die hier im Blog auflaufen, nicht reagiere, hat das nichts mit Arroganz zu tun, sondern mit \u00dcberforderung. Sorry daf\u00fcr. Wer mit mir in Kontakt treten will, kann das gerne \u00fcber gleitzek@gmx.de tun.<\/p>\n<p>28.03.2026<\/p>\n\n\n<p><\/p>\n","protected":false},"excerpt":{"rendered":"<p>Diesen Blog www.schuppen68.de gibt es seit 2009. Mittlerweile hat er pro Monat ca. 140.000 Visits (=Besucher*innen) und \u00fcber\u00a0 300.000 werberelevante Pageimpressions (=Seitenaufrufe).\u00a0 Ich versuche regelm\u00e4\u00dfig, aktuelle politische Entwicklungen anhand von Alltags-Ph\u00e4nomenen aufs Korn zu nehmen: subjektiv, \u00fcberparteilich aber parteiisch, satirisch, kapitalismuskritisch, antifaschistisch. Also radikal. Was sonst.Da das Leben nicht im Internet sondern analog stattfindet, sind [&hellip;]<\/p>\n","protected":false},"author":1,"featured_media":0,"parent":0,"menu_order":0,"comment_status":"closed","ping_status":"closed","template":"","meta":[],"_links":{"self":[{"href":"http:\/\/www.schuppen68.de\/index.php?rest_route=\/wp\/v2\/pages\/7045"}],"collection":[{"href":"http:\/\/www.schuppen68.de\/index.php?rest_route=\/wp\/v2\/pages"}],"about":[{"href":"http:\/\/www.schuppen68.de\/index.php?rest_route=\/wp\/v2\/types\/page"}],"author":[{"embeddable":true,"href":"http:\/\/www.schuppen68.de\/index.php?rest_route=\/wp\/v2\/users\/1"}],"replies":[{"embeddable":true,"href":"http:\/\/www.schuppen68.de\/index.php?rest_route=%2Fwp%2Fv2%2Fcomments&post=7045"}],"version-history":[{"count":8,"href":"http:\/\/www.schuppen68.de\/index.php?rest_route=\/wp\/v2\/pages\/7045\/revisions"}],"predecessor-version":[{"id":16960,"href":"http:\/\/www.schuppen68.de\/index.php?rest_route=\/wp\/v2\/pages\/7045\/revisions\/16960"}],"wp:attachment":[{"href":"http:\/\/www.schuppen68.de\/index.php?rest_route=%2Fwp%2Fv2%2Fmedia&parent=7045"}],"curies":[{"name":"wp","href":"https:\/\/api.w.org\/{rel}","templated":true}]}}